{"id":2,"date":"2016-02-22T20:49:25","date_gmt":"2016-02-22T20:49:25","guid":{"rendered":"http:\/\/www.tommysproegel.dk\/?page_id=2"},"modified":"2024-03-02T12:01:16","modified_gmt":"2024-03-02T12:01:16","slug":"eksempel-side","status":"publish","type":"page","link":"https:\/\/www.tommysproegel.dk\/","title":{"rendered":"Tommy Sproegel"},"content":{"rendered":"<p>Selvst\u00e6ndig t\u00f8mrerfirma fra 2000. 4 medarbejde. Vi laver alt inden for t\u00f8mrer- og snedker arbejde, lige fra nybyggerier til diverse sm\u00e5reparationer. Ligeledes alt inden for glas, isolering (loft og hulmurs isolering), blikkenslagerarbejde, udlejning af Manitou lift, snerydning.<\/p>\n<p>Der er n\u00e6sten ikke noget vi ikke kan klare. Alle opgaver tages seri\u00f8st, stort som sm\u00e5t.<br \/>\nRing og f\u00e5 et godt tilbud.<br \/>\nVi har et godt samarbejde med smed\/VVS, maler, murer, elektriker, gulvsliber og kloakservice.<br \/>\nKan kontaktes mandag-fredag i tidsrummet 07:00-16:00<\/p>\n","protected":false},"excerpt":{"rendered":"<p>Selvst\u00e6ndig t\u00f8mrerfirma fra 2000. 4 medarbejde. Vi laver alt inden for t\u00f8mrer- og snedker arbejde, lige fra nybyggerier til diverse sm\u00e5reparationer. Ligeledes alt inden for glas, isolering (loft og hulmurs isolering), blikkenslagerarbejde, udlejning af Manitou lift, snerydning. Der er n\u00e6sten ikke noget vi ikke kan klare. Alle opgaver tages seri\u00f8st, stort som sm\u00e5t. Ring og [&hellip;]<\/p>\n","protected":false},"author":1,"featured_media":0,"parent":0,"menu_order":0,"comment_status":"closed","ping_status":"open","template":"","meta":{"footnotes":""},"_links":{"self":[{"href":"https:\/\/www.tommysproegel.dk\/index.php\/wp-json\/wp\/v2\/pages\/2"}],"collection":[{"href":"https:\/\/www.tommysproegel.dk\/index.php\/wp-json\/wp\/v2\/pages"}],"about":[{"href":"https:\/\/www.tommysproegel.dk\/index.php\/wp-json\/wp\/v2\/types\/page"}],"author":[{"embeddable":true,"href":"https:\/\/www.tommysproegel.dk\/index.php\/wp-json\/wp\/v2\/users\/1"}],"replies":[{"embeddable":true,"href":"https:\/\/www.tommysproegel.dk\/index.php\/wp-json\/wp\/v2\/comments?post=2"}],"version-history":[{"count":4,"href":"https:\/\/www.tommysproegel.dk\/index.php\/wp-json\/wp\/v2\/pages\/2\/revisions"}],"predecessor-version":[{"id":27,"href":"https:\/\/www.tommysproegel.dk\/index.php\/wp-json\/wp\/v2\/pages\/2\/revisions\/27"}],"wp:attachment":[{"href":"https:\/\/www.tommysproegel.dk\/index.php\/wp-json\/wp\/v2\/media?parent=2"}],"curies":[{"name":"wp","href":"https:\/\/api.w.org\/{rel}","templated":true}]}}